{"id":115,"date":"2020-09-17T18:36:15","date_gmt":"2020-09-17T18:36:15","guid":{"rendered":"https:\/\/itjenter.no\/workshop\/helfy\/about\/"},"modified":"2024-08-06T09:16:02","modified_gmt":"2024-08-06T09:16:02","slug":"om-oss","status":"publish","type":"page","link":"https:\/\/itjenter.no\/workshop\/helfy\/om-oss\/","title":{"rendered":"Om Oss"},"content":{"rendered":"<p>[vc_row rsclass=&#8221;clean&#8221; el_class=&#8221;section mt-0&#8243;][vc_column rsclass=&#8221;clean&#8221;][theme_rslider_element rs_num=&#8221;1&#8243; el_class=&#8221;mb-0 arrows-white&#8221; dots=&#8221;true&#8221; dots_m=&#8221;true&#8221; class=&#8221;&#8220;btn&#8221; data-animation=&#8221;&#8220;fadeInUp&#8220;&#8221; href=&#8221;&#8220;services&#8220;&#8221; rs_images=&#8221;3526&#8243;]<\/p>\n<div class=\"slide-txt1\" data-animation=\"fadeInDown\">Din kropp, helse og funksjon<br \/>\n-er det som tar oss til jobb hver dag<\/div>\n<div class=\"slide-btn\" style=\"text-align: center;\"><a class=\"btn btn-fill\" href=\"https:\/\/napspinex.bestille.no\/OnCust2\/#!\/\" data-animation=\"fadeInUp\"><svg class=\"icon icon-right-arrow\" version=\"1.1\" xmlns=\"http:\/\/www.w3.org\/2000\/svg\" width=\"32\" height=\"32\" viewBox=\"0 0 32 32\"><title>right-arrow<\/title><path d=\"M21.548 5.088c-0.436-0.451-1.162-0.451-1.613 0-0.436 0.436-0.436 1.162 0 1.596l8.177 8.177h-26.984c-0.629 0.001-1.129 0.501-1.129 1.13s0.5 1.145 1.129 1.145h26.984l-8.177 8.162c-0.436 0.451-0.436 1.178 0 1.613 0.451 0.451 1.178 0.451 1.613 0l10.113-10.113c0.451-0.436 0.451-1.162 0-1.596l-10.113-10.114z\"><\/path><\/svg><span class=\"ch\">Nettbestiling<\/span><svg class=\"icon icon-right-arrow\" version=\"1.1\" xmlns=\"http:\/\/www.w3.org\/2000\/svg\" width=\"32\" height=\"32\" viewBox=\"0 0 32 32\"><title>right-arrow<\/title><path d=\"M21.548 5.088c-0.436-0.451-1.162-0.451-1.613 0-0.436 0.436-0.436 1.162 0 1.596l8.177 8.177h-26.984c-0.629 0.001-1.129 0.501-1.129 1.13s0.5 1.145 1.129 1.145h26.984l-8.177 8.162c-0.436 0.451-0.436 1.178 0 1.613 0.451 0.451 1.178 0.451 1.613 0l10.113-10.113c0.451-0.436 0.451-1.162 0-1.596l-10.113-10.114z\"><\/path><\/svg><\/a><\/div>\n<p style=\"text-align: center;\">{slide}<\/p>\n<p>[\/theme_rslider_element][\/vc_column][\/vc_row][vc_row rsclass=&#8221;clean&#8221; el_class=&#8221;container&#8221; css=&#8221;.vc_custom_1604917267739{padding-top: 40px !important;}&#8221;][vc_column rsclass=&#8221;clean&#8221;][vc_row_inner rsclass=&#8221;clean&#8221; el_class=&#8221;row&#8221;][vc_column_inner el_class=&#8221;col-lg-12 text-lg-left pr-md-4&#8243; rsclass=&#8221;clean&#8221;][vc_custom_heading text=&#8221;Bli bedre kjent med v\u00e5re naprapater&#8221; font_container=&#8221;tag:h3|text_align:left&#8221; use_theme_fonts=&#8221;yes&#8221; rs_decor_place=&#8221;2&#8243; el_class=&#8221;tt_pt_31 tt_pb_20&#8243;][\/vc_custom_heading][vc_column_text rsclass=&#8221;clean&#8221;]<\/p>\n<p class=\"ch\">Naprapater blir autorisert helsepersonell fra 2021, dette kom som en gledelig nyhet i desember 2020. Vi holder dere oppdatert i bloggen hva som skjer videre med autorisasjonen.<\/p>\n<p class=\"ch\">V\u00e5re naprapater Monica Aschim og Rikard Edberg har drevet naprapatklinikk\u00a0 siden 2006.<\/p>\n<p class=\"ch\">Monica og Rikard har ogs\u00e5 levert naprapatbehandling og trening til n\u00e6ringslivet i over 15 \u00e5r, og har alt fra sm\u00e5 til store bedrifter som kunder, hvor LO og Fagforbundet har v\u00e6rt kunder i en \u00e5rrekke.<\/p>\n<p class=\"ch\">Under koronatiden har de levert foredrag, trening og energipauser digitalt til n\u00e6ringslivet.<br \/>\nDette fra <a style=\"color: #26a7eb;\" href=\"https:\/\/helfyworkspace.no\/\" target=\"_blank\" rel=\"noopener\">Helfy workspace<\/a>, som tilbyr helseforebyggende tjenester til bedrifter og organisasjoner.<\/p>\n<p class=\"ch\">B\u00e5de Rikard og Monica brenner for \u00e5 hjelpe mennesker til en lettere hverdag, noe som ogs\u00e5 betyr en mer funksjonell og fungerende kropp.<\/p>\n<p class=\"ch\">Her er en liten presentasjon av v\u00e5re naprapater:<\/p>\n<p>[\/vc_column_text][vc_empty_space][\/vc_column_inner][\/vc_row_inner][vc_row_inner rsclass=&#8221;clean&#8221; el_class=&#8221;row&#8221;][vc_column_inner el_class=&#8221;col-lg-6 text-center text-lg-left pr-md-4&#8243; width=&#8221;1\/2&#8243; rsclass=&#8221;clean&#8221;][vc_single_image image=&#8221;3266&#8243; img_size=&#8221;full&#8221; rsclass=&#8221;clean&#8221; rs_image_class=&#8221;w-100&#8243;][\/vc_single_image][\/vc_column_inner][vc_column_inner el_class=&#8221;col-lg-6 mt-3 mt-lg-0&#8243; width=&#8221;1\/2&#8243; rsclass=&#8221;clean&#8221; rsinner=&#8221;ch_pr_45&#8243;][vc_text_separator title=&#8221;Monica Aschim&#8221; color=&#8221;custom&#8221; accent_color=&#8221;#26a7eb&#8221; css=&#8221;.vc_custom_1602492842732{padding-bottom: 22px !important;}&#8221;][vc_column_text rsclass=&#8221;clean&#8221;]<\/p>\n<p class=\"ch\">Monica er daglig leder og markedsansvarlig hos Helfy Naprapatklinikk.<\/p>\n<p class=\"ch\">Hun ble k\u00e5ret til <a href=\"http:\/\/www.naprapat.org\/om-oss\/arets-naprapat\" target=\"_blank\" rel=\"noopener noreferrer\"><strong>\u00c5rets Naprapat av Norges Naprapatforbund<\/strong><\/a> i 2017, blant annet for sin iver og engasjement i naprapatenes kamp mot en autorisasjon.<\/p>\n<ul class=\"marker-list-md\">\n<li><svg class=\"icon icon-check-mark-1\" version=\"1.1\" xmlns=\"http:\/\/www.w3.org\/2000\/svg\" width=\"32\" height=\"32\" viewBox=\"0 0 32 32\"><title>check-mark-1<\/title><path d=\"M14.485 26.841c-1.451 1.451-3.805 1.451-5.255 0l-8.142-8.142c-1.451-1.45-1.451-3.804 0-5.254s3.804-1.451 5.255 0l4.851 4.85c0.366 0.366 0.961 0.366 1.328 0l13.135-13.135c1.45-1.451 3.804-1.451 5.255 0 0.697 0.697 1.088 1.642 1.088 2.627s-0.391 1.93-1.088 2.627l-16.427 16.427z\"><\/path><\/svg>Ferdig utdannet naprapat i 2006 fra Naprapath\u00f6gskolan i Stockholm (4-\u00e5rig h\u00f8gskoleutdanning)<\/li>\n<li><svg class=\"icon icon-check-mark-1\" version=\"1.1\" xmlns=\"http:\/\/www.w3.org\/2000\/svg\" width=\"32\" height=\"32\" viewBox=\"0 0 32 32\"><title>check-mark-1<\/title><path d=\"M14.485 26.841c-1.451 1.451-3.805 1.451-5.255 0l-8.142-8.142c-1.451-1.45-1.451-3.804 0-5.254s3.804-1.451 5.255 0l4.851 4.85c0.366 0.366 0.961 0.366 1.328 0l13.135-13.135c1.45-1.451 3.804-1.451 5.255 0 0.697 0.697 1.088 1.642 1.088 2.627s-0.391 1.93-1.088 2.627l-16.427 16.427z\"><\/path><\/svg>Startet klinikk I Oslo 2006<\/li>\n<li><svg class=\"icon icon-check-mark-1\" version=\"1.1\" xmlns=\"http:\/\/www.w3.org\/2000\/svg\" width=\"32\" height=\"32\" viewBox=\"0 0 32 32\"><title>check-mark-1<\/title><path d=\"M14.485 26.841c-1.451 1.451-3.805 1.451-5.255 0l-8.142-8.142c-1.451-1.45-1.451-3.804 0-5.254s3.804-1.451 5.255 0l4.851 4.85c0.366 0.366 0.961 0.366 1.328 0l13.135-13.135c1.45-1.451 3.804-1.451 5.255 0 0.697 0.697 1.088 1.642 1.088 2.627s-0.391 1.93-1.088 2.627l-16.427 16.427z\"><\/path><\/svg>Startet med bedriftsbehandlinger i 2007<\/li>\n<li><svg class=\"icon icon-check-mark-1\" version=\"1.1\" xmlns=\"http:\/\/www.w3.org\/2000\/svg\" width=\"32\" height=\"32\" viewBox=\"0 0 32 32\"><title>check-mark-1<\/title><path d=\"M14.485 26.841c-1.451 1.451-3.805 1.451-5.255 0l-8.142-8.142c-1.451-1.45-1.451-3.804 0-5.254s3.804-1.451 5.255 0l4.851 4.85c0.366 0.366 0.961 0.366 1.328 0l13.135-13.135c1.45-1.451 3.804-1.451 5.255 0 0.697 0.697 1.088 1.642 1.088 2.627s-0.391 1.93-1.088 2.627l-16.427 16.427z\"><\/path><\/svg>Svimmelhet- og hodepinekurs i 2008<\/li>\n<li><svg class=\"icon icon-check-mark-1\" version=\"1.1\" xmlns=\"http:\/\/www.w3.org\/2000\/svg\" width=\"32\" height=\"32\" viewBox=\"0 0 32 32\"><title>check-mark-1<\/title><path d=\"M14.485 26.841c-1.451 1.451-3.805 1.451-5.255 0l-8.142-8.142c-1.451-1.45-1.451-3.804 0-5.254s3.804-1.451 5.255 0l4.851 4.85c0.366 0.366 0.961 0.366 1.328 0l13.135-13.135c1.45-1.451 3.804-1.451 5.255 0 0.697 0.697 1.088 1.642 1.088 2.627s-0.391 1.93-1.088 2.627l-16.427 16.427z\"><\/path><\/svg>Fot- og biomekanikkurs i 2009<\/li>\n<li><svg class=\"icon icon-check-mark-1\" version=\"1.1\" xmlns=\"http:\/\/www.w3.org\/2000\/svg\" width=\"32\" height=\"32\" viewBox=\"0 0 32 32\"><title>check-mark-1<\/title><path d=\"M14.485 26.841c-1.451 1.451-3.805 1.451-5.255 0l-8.142-8.142c-1.451-1.45-1.451-3.804 0-5.254s3.804-1.451 5.255 0l4.851 4.85c0.366 0.366 0.961 0.366 1.328 0l13.135-13.135c1.45-1.451 3.804-1.451 5.255 0 0.697 0.697 1.088 1.642 1.088 2.627s-0.391 1.93-1.088 2.627l-16.427 16.427z\"><\/path><\/svg>N\u00e5lekurs i 2010<\/li>\n<li><svg class=\"icon icon-check-mark-1\" version=\"1.1\" xmlns=\"http:\/\/www.w3.org\/2000\/svg\" width=\"32\" height=\"32\" viewBox=\"0 0 32 32\"><title>check-mark-1<\/title><path d=\"M14.485 26.841c-1.451 1.451-3.805 1.451-5.255 0l-8.142-8.142c-1.451-1.45-1.451-3.804 0-5.254s3.804-1.451 5.255 0l4.851 4.85c0.366 0.366 0.961 0.366 1.328 0l13.135-13.135c1.45-1.451 3.804-1.451 5.255 0 0.697 0.697 1.088 1.642 1.088 2.627s-0.391 1.93-1.088 2.627l-16.427 16.427z\"><\/path><\/svg>Cert. Mammamagetrener 2014<\/li>\n<li><svg class=\"icon icon-check-mark-1\" version=\"1.1\" xmlns=\"http:\/\/www.w3.org\/2000\/svg\" width=\"32\" height=\"32\" viewBox=\"0 0 32 32\"><title>check-mark-1<\/title><path d=\"M14.485 26.841c-1.451 1.451-3.805 1.451-5.255 0l-8.142-8.142c-1.451-1.45-1.451-3.804 0-5.254s3.804-1.451 5.255 0l4.851 4.85c0.366 0.366 0.961 0.366 1.328 0l13.135-13.135c1.45-1.451 3.804-1.451 5.255 0 0.697 0.697 1.088 1.642 1.088 2.627s-0.391 1.93-1.088 2.627l-16.427 16.427z\"><\/path><\/svg>LPF-kurs (Hypopressiv trening) London i 2017<\/li>\n<li><svg class=\"icon icon-check-mark-1\" version=\"1.1\" xmlns=\"http:\/\/www.w3.org\/2000\/svg\" width=\"32\" height=\"32\" viewBox=\"0 0 32 32\"><title>check-mark-1<\/title><path d=\"M14.485 26.841c-1.451 1.451-3.805 1.451-5.255 0l-8.142-8.142c-1.451-1.45-1.451-3.804 0-5.254s3.804-1.451 5.255 0l4.851 4.85c0.366 0.366 0.961 0.366 1.328 0l13.135-13.135c1.45-1.451 3.804-1.451 5.255 0 0.697 0.697 1.088 1.642 1.088 2.627s-0.391 1.93-1.088 2.627l-16.427 16.427z\"><\/path><\/svg>Oppdateringskurs for naprapater 2016-17<\/li>\n<li><svg class=\"icon icon-check-mark-1\" version=\"1.1\" xmlns=\"http:\/\/www.w3.org\/2000\/svg\" width=\"32\" height=\"32\" viewBox=\"0 0 32 32\"><title>check-mark-1<\/title><path d=\"M14.485 26.841c-1.451 1.451-3.805 1.451-5.255 0l-8.142-8.142c-1.451-1.45-1.451-3.804 0-5.254s3.804-1.451 5.255 0l4.851 4.85c0.366 0.366 0.961 0.366 1.328 0l13.135-13.135c1.45-1.451 3.804-1.451 5.255 0 0.697 0.697 1.088 1.642 1.088 2.627s-0.391 1.93-1.088 2.627l-16.427 16.427z\"><\/path><\/svg>Gr\u00fcndet <a style=\"color: #26a7eb;\" href=\"https:\/\/helfyworkspace.no\/\" target=\"_blank\" rel=\"noopener\">Helfy workspace<\/a> i 2018, et forebyggende helsekonsept for bedrifter (St\u00f8ttet med midler fra Innovasjon Norge)<\/li>\n<li><svg class=\"icon icon-check-mark-1\" version=\"1.1\" xmlns=\"http:\/\/www.w3.org\/2000\/svg\" width=\"32\" height=\"32\" viewBox=\"0 0 32 32\"><title>check-mark-1<\/title><path d=\"M14.485 26.841c-1.451 1.451-3.805 1.451-5.255 0l-8.142-8.142c-1.451-1.45-1.451-3.804 0-5.254s3.804-1.451 5.255 0l4.851 4.85c0.366 0.366 0.961 0.366 1.328 0l13.135-13.135c1.45-1.451 3.804-1.451 5.255 0 0.697 0.697 1.088 1.642 1.088 2.627s-0.391 1.93-1.088 2.627l-16.427 16.427z\"><\/path><\/svg>Gravid og post-partum behandling 2019<\/li>\n<li><svg class=\"icon icon-check-mark-1\" version=\"1.1\" xmlns=\"http:\/\/www.w3.org\/2000\/svg\" width=\"32\" height=\"32\" viewBox=\"0 0 32 32\"><title>check-mark-1<\/title><path d=\"M14.485 26.841c-1.451 1.451-3.805 1.451-5.255 0l-8.142-8.142c-1.451-1.45-1.451-3.804 0-5.254s3.804-1.451 5.255 0l4.851 4.85c0.366 0.366 0.961 0.366 1.328 0l13.135-13.135c1.45-1.451 3.804-1.451 5.255 0 0.697 0.697 1.088 1.642 1.088 2.627s-0.391 1.93-1.088 2.627l-16.427 16.427z\"><\/path><\/svg>\u00c5pnet klinikk i Lillestr\u00f8m 2023<\/li>\n<li><svg class=\"icon icon-check-mark-1\" version=\"1.1\" xmlns=\"http:\/\/www.w3.org\/2000\/svg\" width=\"32\" height=\"32\" viewBox=\"0 0 32 32\"><title>check-mark-1<\/title><path d=\"M14.485 26.841c-1.451 1.451-3.805 1.451-5.255 0l-8.142-8.142c-1.451-1.45-1.451-3.804 0-5.254s3.804-1.451 5.255 0l4.851 4.85c0.366 0.366 0.961 0.366 1.328 0l13.135-13.135c1.45-1.451 3.804-1.451 5.255 0 0.697 0.697 1.088 1.642 1.088 2.627s-0.391 1.93-1.088 2.627l-16.427 16.427z\"><\/path><\/svg>Utdannet Coach og Agile People Coach i 2024, mer info les her <strong><a href=\"https:\/\/monicaaschim.no\" target=\"_blank\" rel=\"noopener\">monicaaschim.no<\/a><\/strong><\/li>\n<\/ul>\n<p>[\/vc_column_text][\/vc_column_inner][\/vc_row_inner][vc_row_inner el_class=&#8221;row&#8221; css=&#8221;.vc_custom_1603127113030{padding-top: 15px !important;}&#8221;][vc_column_inner el_class=&#8221;col-lg-12 text-center text-lg-left pr-md-4&#8243; rsclass=&#8221;clean&#8221;][vc_column_text]<\/p>\n<h3>Visjon<\/h3>\n<p class=\"ch\">\u201cEg brenn skikkelig for kropp og helse, og som naprapat f\u00e5r eg virkelig hjulpet mennesker med nettopp dette, b\u00e5de privatpersoner som kommer til klinikken, men ogs\u00e5 p\u00e5 ulike m\u00e5ter ut mot n\u00e6ringslivet.<\/p>\n<p class=\"ch\">Som naprapat s\u00e5 har me et fantastisk grunnfundament, og ein god heilhetlig forst\u00e5else til hvordan kroppen fungerer, b\u00e5de p\u00e5 skadeniv\u00e5, men ogs\u00e5 i et st\u00f8rre og mer komplekst og sammensatt bilde.<\/p>\n<p class=\"ch\">Eg har hatt gleden av \u00e5 samarbeide med bedrifter i mange \u00e5r, og ser hvordan me naprapater kan bidra medkunnskap, foredrag, ergonomi, trening, og s\u00e5 klart med naprapatbehandlinger slik at bedrifter og deres ansatte skal ha en trygg og god arbeidshverdag. B\u00e5de forebyggende og ved behov av ekspertise innen muskel-og leddplager, noe som er sv\u00e6rt ofte. M\u00e5let er jo friske og produktive ansatte! Plager eg liker \u00e5 bryne meg p\u00e5 er hodepine, skulderplager, kroppsholdning, armplager og fot\/ankel-problematikk\u201d<\/p>\n<p>[\/vc_column_text][\/vc_column_inner][\/vc_row_inner][vc_row_inner el_class=&#8221;row&#8221; css=&#8221;.vc_custom_1602494402579{padding-top: 50px !important;}&#8221;][vc_column_inner el_class=&#8221;col-lg-6 text-center text-lg-left pr-md-4&#8243; width=&#8221;1\/2&#8243; rsclass=&#8221;clean&#8221;][vc_text_separator title=&#8221;Rikard Edberg&#8221; color=&#8221;custom&#8221; accent_color=&#8221;#26a7eb&#8221; css=&#8221;.vc_custom_1602494141383{padding-bottom: 22px !important;}&#8221;][vc_column_text rsclass=&#8221;clean&#8221;]<\/p>\n<p class=\"ch\">Rikard er v\u00e5r PT, s\u00e5leekspert, samt innkj\u00f8ps-og \u00f8konomiansvarlig.<\/p>\n<p class=\"ch\">Rikard er ogs\u00e5 engasjert iFriskis og Svettis Norge som utdanningsleder, og er med p\u00e5 \u00e5 utdanne nye treningsinstrukt\u00f8rer i Norge.<\/p>\n<p>&nbsp;<\/p>\n<ul class=\"marker-list-md\">\n<li><svg class=\"icon icon-check-mark-1\" version=\"1.1\" xmlns=\"http:\/\/www.w3.org\/2000\/svg\" width=\"32\" height=\"32\" viewBox=\"0 0 32 32\"><title>check-mark-1<\/title><path d=\"M14.485 26.841c-1.451 1.451-3.805 1.451-5.255 0l-8.142-8.142c-1.451-1.45-1.451-3.804 0-5.254s3.804-1.451 5.255 0l4.851 4.85c0.366 0.366 0.961 0.366 1.328 0l13.135-13.135c1.45-1.451 3.804-1.451 5.255 0 0.697 0.697 1.088 1.642 1.088 2.627s-0.391 1.93-1.088 2.627l-16.427 16.427z\"><\/path><\/svg>Ferdig utdannet I 2006 fra Naprapath\u00f6gskolan I Stockholm(4-\u00e5rig h\u00f8gskoleutdanning)<\/li>\n<li><svg class=\"icon icon-check-mark-1\" version=\"1.1\" xmlns=\"http:\/\/www.w3.org\/2000\/svg\" width=\"32\" height=\"32\" viewBox=\"0 0 32 32\"><title>check-mark-1<\/title><path d=\"M14.485 26.841c-1.451 1.451-3.805 1.451-5.255 0l-8.142-8.142c-1.451-1.45-1.451-3.804 0-5.254s3.804-1.451 5.255 0l4.851 4.85c0.366 0.366 0.961 0.366 1.328 0l13.135-13.135c1.45-1.451 3.804-1.451 5.255 0 0.697 0.697 1.088 1.642 1.088 2.627s-0.391 1.93-1.088 2.627l-16.427 16.427z\"><\/path><\/svg>Startet klinikk I Oslo 2007<\/li>\n<li><svg class=\"icon icon-check-mark-1\" version=\"1.1\" xmlns=\"http:\/\/www.w3.org\/2000\/svg\" width=\"32\" height=\"32\" viewBox=\"0 0 32 32\"><title>check-mark-1<\/title><path d=\"M14.485 26.841c-1.451 1.451-3.805 1.451-5.255 0l-8.142-8.142c-1.451-1.45-1.451-3.804 0-5.254s3.804-1.451 5.255 0l4.851 4.85c0.366 0.366 0.961 0.366 1.328 0l13.135-13.135c1.45-1.451 3.804-1.451 5.255 0 0.697 0.697 1.088 1.642 1.088 2.627s-0.391 1.93-1.088 2.627l-16.427 16.427z\"><\/path><\/svg>Startet med bedriftsbehandlinger i 2007<\/li>\n<li><svg class=\"icon icon-check-mark-1\" version=\"1.1\" xmlns=\"http:\/\/www.w3.org\/2000\/svg\" width=\"32\" height=\"32\" viewBox=\"0 0 32 32\"><title>check-mark-1<\/title><path d=\"M14.485 26.841c-1.451 1.451-3.805 1.451-5.255 0l-8.142-8.142c-1.451-1.45-1.451-3.804 0-5.254s3.804-1.451 5.255 0l4.851 4.85c0.366 0.366 0.961 0.366 1.328 0l13.135-13.135c1.45-1.451 3.804-1.451 5.255 0 0.697 0.697 1.088 1.642 1.088 2.627s-0.391 1.93-1.088 2.627l-16.427 16.427z\"><\/path><\/svg>S\u00e5le- og biomekanikkurs i Frankrike i 2016<\/li>\n<li><svg class=\"icon icon-check-mark-1\" version=\"1.1\" xmlns=\"http:\/\/www.w3.org\/2000\/svg\" width=\"32\" height=\"32\" viewBox=\"0 0 32 32\"><title>check-mark-1<\/title><path d=\"M14.485 26.841c-1.451 1.451-3.805 1.451-5.255 0l-8.142-8.142c-1.451-1.45-1.451-3.804 0-5.254s3.804-1.451 5.255 0l4.851 4.85c0.366 0.366 0.961 0.366 1.328 0l13.135-13.135c1.45-1.451 3.804-1.451 5.255 0 0.697 0.697 1.088 1.642 1.088 2.627s-0.391 1.93-1.088 2.627l-16.427 16.427z\"><\/path><\/svg>Utdannet PT i 2016<\/li>\n<li><svg class=\"icon icon-check-mark-1\" version=\"1.1\" xmlns=\"http:\/\/www.w3.org\/2000\/svg\" width=\"32\" height=\"32\" viewBox=\"0 0 32 32\"><title>check-mark-1<\/title><path d=\"M14.485 26.841c-1.451 1.451-3.805 1.451-5.255 0l-8.142-8.142c-1.451-1.45-1.451-3.804 0-5.254s3.804-1.451 5.255 0l4.851 4.85c0.366 0.366 0.961 0.366 1.328 0l13.135-13.135c1.45-1.451 3.804-1.451 5.255 0 0.697 0.697 1.088 1.642 1.088 2.627s-0.391 1.93-1.088 2.627l-16.427 16.427z\"><\/path><\/svg>Oppdateringskurs for naprapater 2016-17<\/li>\n<li><svg class=\"icon icon-check-mark-1\" version=\"1.1\" xmlns=\"http:\/\/www.w3.org\/2000\/svg\" width=\"32\" height=\"32\" viewBox=\"0 0 32 32\"><title>check-mark-1<\/title><path d=\"M14.485 26.841c-1.451 1.451-3.805 1.451-5.255 0l-8.142-8.142c-1.451-1.45-1.451-3.804 0-5.254s3.804-1.451 5.255 0l4.851 4.85c0.366 0.366 0.961 0.366 1.328 0l13.135-13.135c1.45-1.451 3.804-1.451 5.255 0 0.697 0.697 1.088 1.642 1.088 2.627s-0.391 1.93-1.088 2.627l-16.427 16.427z\"><\/path><\/svg>Cert. Mammamagetrener 2015<\/li>\n<li><svg class=\"icon icon-check-mark-1\" version=\"1.1\" xmlns=\"http:\/\/www.w3.org\/2000\/svg\" width=\"32\" height=\"32\" viewBox=\"0 0 32 32\"><title>check-mark-1<\/title><path d=\"M14.485 26.841c-1.451 1.451-3.805 1.451-5.255 0l-8.142-8.142c-1.451-1.45-1.451-3.804 0-5.254s3.804-1.451 5.255 0l4.851 4.85c0.366 0.366 0.961 0.366 1.328 0l13.135-13.135c1.45-1.451 3.804-1.451 5.255 0 0.697 0.697 1.088 1.642 1.088 2.627s-0.391 1.93-1.088 2.627l-16.427 16.427z\"><\/path><\/svg>Co-Gr\u00fcnder av <a style=\"color: #26a7eb;\" href=\"https:\/\/helfyworkspace.no\/\" target=\"_blank\" rel=\"noopener\">Helfy workspace<\/a> i 2019. Et forebyggende helsekonsept for bedrifter (St\u00f8ttet med midler fra Innovasjon Norge)<\/li>\n<li><svg class=\"icon icon-check-mark-1\" version=\"1.1\" xmlns=\"http:\/\/www.w3.org\/2000\/svg\" width=\"32\" height=\"32\" viewBox=\"0 0 32 32\"><title>check-mark-1<\/title><path d=\"M14.485 26.841c-1.451 1.451-3.805 1.451-5.255 0l-8.142-8.142c-1.451-1.45-1.451-3.804 0-5.254s3.804-1.451 5.255 0l4.851 4.85c0.366 0.366 0.961 0.366 1.328 0l13.135-13.135c1.45-1.451 3.804-1.451 5.255 0 0.697 0.697 1.088 1.642 1.088 2.627s-0.391 1.93-1.088 2.627l-16.427 16.427z\"><\/path><\/svg>\u00c5pnet s\u00e5leverksted i R\u00e6lingen i 2019<\/li>\n<li><svg class=\"icon icon-check-mark-1\" version=\"1.1\" xmlns=\"http:\/\/www.w3.org\/2000\/svg\" width=\"32\" height=\"32\" viewBox=\"0 0 32 32\"><title>check-mark-1<\/title><path d=\"M14.485 26.841c-1.451 1.451-3.805 1.451-5.255 0l-8.142-8.142c-1.451-1.45-1.451-3.804 0-5.254s3.804-1.451 5.255 0l4.851 4.85c0.366 0.366 0.961 0.366 1.328 0l13.135-13.135c1.45-1.451 3.804-1.451 5.255 0 0.697 0.697 1.088 1.642 1.088 2.627s-0.391 1.93-1.088 2.627l-16.427 16.427z\"><\/path><\/svg>\u00c5pnet klinikk i Lillestr\u00f8m 2023<\/li>\n<li><svg class=\"icon icon-check-mark-1\" version=\"1.1\" xmlns=\"http:\/\/www.w3.org\/2000\/svg\" width=\"32\" height=\"32\" viewBox=\"0 0 32 32\"><title>check-mark-1<\/title><path d=\"M14.485 26.841c-1.451 1.451-3.805 1.451-5.255 0l-8.142-8.142c-1.451-1.45-1.451-3.804 0-5.254s3.804-1.451 5.255 0l4.851 4.85c0.366 0.366 0.961 0.366 1.328 0l13.135-13.135c1.45-1.451 3.804-1.451 5.255 0 0.697 0.697 1.088 1.642 1.088 2.627s-0.391 1.93-1.088 2.627l-16.427 16.427z\"><\/path><\/svg>Sertifisert PI Kost og Helsecoach i 2024<\/li>\n<\/ul>\n<p>[\/vc_column_text][\/vc_column_inner][vc_column_inner el_class=&#8221;col-lg-6 mt-3 mt-lg-0&#8243; width=&#8221;1\/2&#8243; rsclass=&#8221;clean&#8221; rsinner=&#8221;ch_pr_45&#8243;][vc_single_image image=&#8221;3265&#8243; img_size=&#8221;full&#8221; rsclass=&#8221;clean&#8221; rs_image_class=&#8221;w-100&#8243;][\/vc_single_image][\/vc_column_inner][\/vc_row_inner][vc_column_text css=&#8221;.vc_custom_1606556605409{padding-top: 30px !important;}&#8221;]<\/p>\n<h3>Visjon<\/h3>\n<p class=\"ch\">Jag \u00e4r en genuint intresserad naprapat med \u00f6ver 15 \u00e5rs erfarenhet med patienter b\u00e5de privat och p\u00e5 f\u00f6retag. Jag \u00e4r lyh\u00f6rd och intresserad av patientens \u00f6nskningar, allt f\u00f6r att uppn\u00e5 bedre funktion och minskade problem.<\/p>\n<p class=\"ch\">Jag fokuserar p\u00e5 sammarbetetet med patienten f\u00f6r att behandling och deras egen insats ska ge snabbt resultat och bra flow. Jag ser p\u00e5 helheten i kroppen och vill \u00e5terskapa en optimal version av deras b\u00e4sta jag.<\/p>\n<p class=\"ch\">Jag har utbildat mig vidare med s\u00e5leformning f\u00f6r att ge kroppen en s\u00e5 optimal grund att \u201dst\u00e5 p\u00e5\u201d f\u00f6r att kunna \u00e5terh\u00e4mta sig. Och d\u00e5 \u00e4r mitt intresse extra stort f\u00f6r patienter med fot\/kn\u00e4\/h\u00f6ft och rygg problem. Jag jobbar i samarbete med idrottare och vanliga patienter n\u00e4r det kommer till formning av sulor.<\/p>\n<p>[\/vc_column_text][\/vc_column][\/vc_row][vc_row rsclass=&#8221;clean&#8221; el_class=&#8221;section&#8221;][vc_column rsclass=&#8221;clean&#8221; el_class=&#8221;container-fluid px-0&#8243;][vc_row_inner rsclass=&#8221;clean&#8221; el_class=&#8221;row no-gutters&#8221;][vc_column_inner el_class=&#8221;col-lg-6 bg-grey&#8221; width=&#8221;1\/2&#8243; rsclass=&#8221;clean&#8221; rsinner=&#8221;max-670 mx-lg-auto px-15&#8243;][vc_hoverbox image=&#8221;3479&#8243; rsclass=&#8221;clean&#8221;]<\/p>\n<h3 class=\"ch\">Vi tilbyr s\u00e5leforming b\u00e5de i Lillestr\u00f8m og p\u00e5 Fjerdingby.<\/h3>\n<p class=\"ch\">For \u00e5 booke tid I R\u00e6lingen s\u00e5 gj\u00f8res dette via mail\/telefon. Onlinebooking fungerer kun for klinikken i Oslo.<\/p>\n<p><strong><a href=\"https:\/\/itjenter.no\/workshop\/helfy\/fjerdingby\/\">Se mer info her!<\/a><\/strong><br \/>\n<strong>Kontaktinfo:<\/strong> <a style=\"color: #26a7eb;\" href=\"mailto:info@itjenter.no\"> info@itjenter.no<\/a><br \/>\n<strong>Tlf:<\/strong> <a style=\"color: #26a7eb;\" href=\"tel:+4741171691\">+46 69 48 16<\/a>[\/vc_hoverbox][\/vc_column_inner][vc_column_inner el_class=&#8221;col-lg-6 banner-left bg-full ch-bg-banner-right&#8221; width=&#8221;1\/2&#8243; rsclass=&#8221;clean&#8221;][\/vc_column_inner][\/vc_row_inner][\/vc_column][\/vc_row]<\/p>\n","protected":false},"excerpt":{"rendered":"<p>[vc_row rsclass=&#8221;clean&#8221; el_class=&#8221;section mt-0&#8243;][vc_column rsclass=&#8221;clean&#8221;][theme_rslider_element rs_num=&#8221;1&#8243; el_class=&#8221;mb-0 arrows-white&#8221; dots=&#8221;true&#8221; dots_m=&#8221;true&#8221; class=&#8221;&#8220;btn&#8221; data-animation=&#8221;&#8220;fadeInUp&#8220;&#8221; href=&#8221;&#8220;services&#8220;&#8221; rs_images=&#8221;3526&#8243;] Din kropp, helse og funksjon -er det som tar oss til jobb hver dag Nettbestiling {slide} [\/theme_rslider_element][\/vc_column][\/vc_row][vc_row rsclass=&#8221;clean&#8221; el_class=&#8221;container&#8221; css=&#8221;.vc_custom_1604917267739{padding-top: 40px !important;}&#8221;][vc_column rsclass=&#8221;clean&#8221;][vc_row_inner rsclass=&#8221;clean&#8221; el_class=&#8221;row&#8221;][vc_column_inner el_class=&#8221;col-lg-12 text-lg-left pr-md-4&#8243; rsclass=&#8221;clean&#8221;][vc_custom_heading text=&#8221;Bli bedre kjent med v\u00e5re naprapater&#8221; font_container=&#8221;tag:h3|text_align:left&#8221; use_theme_fonts=&#8221;yes&#8221; rs_decor_place=&#8221;2&#8243; el_class=&#8221;tt_pt_31 tt_pb_20&#8243;][\/vc_custom_heading][vc_column_text rsclass=&#8221;clean&#8221;] <\/p>\n<div class=\"btn-more-wrapper\"><a href=\"https:\/\/itjenter.no\/workshop\/helfy\/om-oss\/\" class=\"btn btn-sm btn-hover-fill\"><svg class=\"icon icon-right-arrow\" version=\"1.1\" xmlns=\"http:\/\/www.w3.org\/2000\/svg\" width=\"32\" height=\"32\" viewBox=\"0 0 32 32\"><title>right-arrow<\/title><path d=\"M21.548 5.088c-0.436-0.451-1.162-0.451-1.613 0-0.436 0.436-0.436 1.162 0 1.596l8.177 8.177h-26.984c-0.629 0.001-1.129 0.501-1.129 1.13s0.5 1.145 1.129 1.145h26.984l-8.177 8.162c-0.436 0.451-0.436 1.178 0 1.613 0.451 0.451 1.178 0.451 1.613 0l10.113-10.113c0.451-0.436 0.451-1.162 0-1.596l-10.113-10.114z\"><\/path><\/svg>Read More<span class=\"screen-reader-text\"> &#8220;Om Oss&#8221;<\/span><svg class=\"icon icon-right-arrow\" version=\"1.1\" xmlns=\"http:\/\/www.w3.org\/2000\/svg\" width=\"32\" height=\"32\" viewBox=\"0 0 32 32\"><title>right-arrow<\/title><path d=\"M21.548 5.088c-0.436-0.451-1.162-0.451-1.613 0-0.436 0.436-0.436 1.162 0 1.596l8.177 8.177h-26.984c-0.629 0.001-1.129 0.501-1.129 1.13s0.5 1.145 1.129 1.145h26.984l-8.177 8.162c-0.436 0.451-0.436 1.178 0 1.613 0.451 0.451 1.178 0.451 1.613 0l10.113-10.113c0.451-0.436 0.451-1.162 0-1.596l-10.113-10.114z\"><\/path><\/svg><\/a><\/div>\n","protected":false},"author":1,"featured_media":0,"parent":0,"menu_order":0,"comment_status":"closed","ping_status":"closed","template":"custompagett.php","meta":{"footnotes":""},"class_list":["post-115","page","type-page","status-publish","hentry"],"_links":{"self":[{"href":"https:\/\/itjenter.no\/workshop\/helfy\/wp-json\/wp\/v2\/pages\/115"}],"collection":[{"href":"https:\/\/itjenter.no\/workshop\/helfy\/wp-json\/wp\/v2\/pages"}],"about":[{"href":"https:\/\/itjenter.no\/workshop\/helfy\/wp-json\/wp\/v2\/types\/page"}],"author":[{"embeddable":true,"href":"https:\/\/itjenter.no\/workshop\/helfy\/wp-json\/wp\/v2\/users\/1"}],"replies":[{"embeddable":true,"href":"https:\/\/itjenter.no\/workshop\/helfy\/wp-json\/wp\/v2\/comments?post=115"}],"version-history":[{"count":121,"href":"https:\/\/itjenter.no\/workshop\/helfy\/wp-json\/wp\/v2\/pages\/115\/revisions"}],"predecessor-version":[{"id":3565,"href":"https:\/\/itjenter.no\/workshop\/helfy\/wp-json\/wp\/v2\/pages\/115\/revisions\/3565"}],"wp:attachment":[{"href":"https:\/\/itjenter.no\/workshop\/helfy\/wp-json\/wp\/v2\/media?parent=115"}],"curies":[{"name":"wp","href":"https:\/\/api.w.org\/{rel}","templated":true}]}}